{"id":124,"date":"2023-01-11T22:03:06","date_gmt":"2023-01-11T21:03:06","guid":{"rendered":"http:\/\/ardd.eu\/?page_id=124"},"modified":"2023-02-27T20:31:24","modified_gmt":"2023-02-27T19:31:24","slug":"nos-amis-les-acteurs-des-odd","status":"publish","type":"page","link":"https:\/\/ardd.eu\/?page_id=124","title":{"rendered":"Nos amis, les Acteurs des ODD"},"content":{"rendered":"\n<p><\/p>\n\n\n\n<div class=\"wp-block-uagb-info-box uagb-block-6fdf854b uagb-infobox__content-wrap  uagb-infobox-icon-above-title uagb-infobox-image-valign-top\"><div class=\"uagb-ifb-content\"><div class=\"uagb-ifb-image-content\"><img decoding=\"async\" src=\"http:\/\/ardd.eu\/wp-content\/uploads\/2023\/01\/association-4d-300x170.jpg\" alt=\"\" width=\"\" height=\"0\" loading=\"lazy\"\/><\/div><div class=\"uagb-ifb-title-wrap\"><h3 class=\"uagb-ifb-title\"><a href=\"https:\/\/www.association4d.org\/\" target=\"_blank\" rel=\"noreferrer noopener\">Association 4D<\/a><\/h3><\/div><p class=\"uagb-ifb-desc\">L&rsquo;Encyclop\u00e9die rassemble des articles \u00e9crits par des auteurs b\u00e9n\u00e9voles faisant autorit\u00e9 dans le domaine du D\u00e9veloppement Durable.<\/p><\/div><\/div>\n\n\n\n<div style=\"height:100px\" aria-hidden=\"true\" class=\"wp-block-spacer\"><\/div>\n\n\n\n<div class=\"wp-block-uagb-info-box uagb-block-7f4b46b4 uagb-infobox__content-wrap  uagb-infobox-icon-above-title uagb-infobox-image-valign-top\"><div class=\"uagb-ifb-content\"><div class=\"uagb-ifb-image-content\"><img decoding=\"async\" src=\"http:\/\/ardd.eu\/wp-content\/uploads\/2023\/01\/comite-21.png\" alt=\"\" width=\"\" height=\"0\" loading=\"lazy\"\/><\/div><div class=\"uagb-ifb-title-wrap\"><h3 class=\"uagb-ifb-title\"><a href=\"http:\/\/www.comite21.org\/\" target=\"_blank\" rel=\"noreferrer noopener\">Comit\u00e9 21<\/a><\/h3><\/div><p class=\"uagb-ifb-desc\">Comit\u00e9 fran\u00e7ais qui vise \u00e0 accompagner les organisations dans la mise en place du d\u00e9veloppement durable.<\/p><\/div><\/div>\n\n\n\n<div style=\"height:100px\" aria-hidden=\"true\" class=\"wp-block-spacer\"><\/div>\n\n\n\n<div class=\"wp-block-uagb-info-box uagb-block-4eb0cb17 uagb-infobox__content-wrap  uagb-infobox-icon-above-title uagb-infobox-image-valign-top\"><div class=\"uagb-ifb-content\"><div class=\"uagb-ifb-image-content\"><img decoding=\"async\" src=\"http:\/\/ardd.eu\/wp-content\/uploads\/2023\/01\/cerdd-300x150.png\" alt=\"\" width=\"\" height=\"0\" loading=\"lazy\"\/><\/div><div class=\"uagb-ifb-title-wrap\"><h3 class=\"uagb-ifb-title\"><a href=\"https:\/\/www.cerdd.org\/\" target=\"_blank\" rel=\"noreferrer noopener\">cerdd<\/a><\/h3><\/div><p class=\"uagb-ifb-desc\">Depuis 2001, le&nbsp;<em>CERDD<\/em>&nbsp;outille et accompagne les acteurs de la r\u00e9gion Hauts-de-France dans leur transition \u00e9conomique, sociale et \u00e9nerg\u00e9tique.<\/p><\/div><\/div>\n\n\n\n<div style=\"height:100px\" aria-hidden=\"true\" class=\"wp-block-spacer\"><\/div>\n\n\n\n<div class=\"wp-block-uagb-info-box uagb-block-565202fb uagb-infobox__content-wrap  uagb-infobox-icon-above-title uagb-infobox-image-valign-top\"><div class=\"uagb-ifb-content\"><div class=\"uagb-ifb-image-content\"><img decoding=\"async\" src=\"http:\/\/ardd.eu\/wp-content\/uploads\/2023\/01\/Le-RAMEAU-150x150.png\" alt=\"\" width=\"\" height=\"0\" loading=\"lazy\"\/><\/div><div class=\"uagb-ifb-title-wrap\"><h3 class=\"uagb-ifb-title\"><a href=\"https:\/\/www.lerameau.fr\/\" target=\"_blank\" rel=\"noreferrer noopener\">Le RAMEAU<\/a><\/h3><\/div><p class=\"uagb-ifb-desc\">Laboratoire&nbsp;d\u2019innovations&nbsp;partenariales,&nbsp;Le RAMEAU&nbsp;est \u00e0 la fois un&nbsp;observatoire&nbsp;pour qualifier les enjeux et pratiques des d\u00e9marches partenariales, un&nbsp;centre d\u2019exp\u00e9rimentations&nbsp;pour faire \u00e9merger de nouveaux mod\u00e8les, et un&nbsp;lieu de r\u00e9flexions prospectives&nbsp;afin de d\u00e9ployer des solutions innovantes pour r\u00e9duire les fragilit\u00e9s et inventer de nouveaux moteurs \u00e9conomiques durables.<\/p><\/div><\/div>\n\n\n\n<div style=\"height:100px\" aria-hidden=\"true\" class=\"wp-block-spacer\"><\/div>\n\n\n\n<div class=\"wp-block-uagb-info-box uagb-block-9900142d uagb-infobox__content-wrap  uagb-infobox-icon-above-title uagb-infobox-image-valign-top\"><div class=\"uagb-ifb-content\"><div class=\"uagb-ifb-image-content\"><img decoding=\"async\" src=\"http:\/\/ardd.eu\/wp-content\/uploads\/2023\/01\/Fondation_jean-jaures-300x201.png\" alt=\"\" width=\"\" height=\"0\" loading=\"lazy\"\/><\/div><div class=\"uagb-ifb-title-wrap\"><h3 class=\"uagb-ifb-title\"><a href=\"https:\/\/www.jean-jaures.org\/\" target=\"_blank\" rel=\"noreferrer noopener\">Fondation Jean Jaur\u00e8s<\/a><\/h3><\/div><p class=\"uagb-ifb-desc\">Premi\u00e8re des fondations politiques fran\u00e7aises, la Fondation Jean-Jaur\u00e8s est \u00e0 la fois un think tank, un acteur de terrain et un centre d\u2019histoire au service de tous ceux qui d\u00e9fendent le progr\u00e8s et la d\u00e9mocratie dans le monde.<\/p><\/div><\/div>\n\n\n\n<div style=\"height:100px\" aria-hidden=\"true\" class=\"wp-block-spacer\"><\/div>\n\n\n\n<div class=\"wp-block-uagb-info-box uagb-block-d3bbb49e uagb-infobox__content-wrap  uagb-infobox-icon-above-title uagb-infobox-image-valign-top\"><div class=\"uagb-ifb-content\"><div class=\"uagb-ifb-image-content\"><img decoding=\"async\" src=\"http:\/\/ardd.eu\/wp-content\/uploads\/2023\/01\/En-Metamorphose-300x85.jpg\" alt=\"\" width=\"\" height=\"0\" loading=\"lazy\"\/><\/div><div class=\"uagb-ifb-title-wrap\"><h3 class=\"uagb-ifb-title\"><strong><a href=\"https:\/\/www.enmetamorphose.com\/\" target=\"_blank\" rel=\"noreferrer noopener\">En M\u00e9tamorphose<\/a><\/strong><\/h3><\/div><p class=\"uagb-ifb-desc\"><br><br><br><\/p><\/div><\/div>\n\n\n\n<div class=\"wp-block-uagb-info-box uagb-block-54346f89 uagb-infobox__content-wrap  uagb-infobox-icon-above-title uagb-infobox-image-valign-top\"><div class=\"uagb-ifb-content\"><div class=\"uagb-ifb-image-content\"><img decoding=\"async\" src=\"http:\/\/ardd.eu\/wp-content\/uploads\/2023\/02\/AIODD-300x98.jpg\" alt=\"\" width=\"\" height=\"0\" loading=\"lazy\"\/><\/div><div class=\"uagb-ifb-title-wrap\"><h3 class=\"uagb-ifb-title\"><a href=\"https:\/\/www.aiodd.org\" target=\"_blank\" rel=\"noreferrer noopener\">A.I.O.D.D.<\/a><\/h3><\/div><p class=\"uagb-ifb-desc\">Avoir un r\u00f4le de facilitateur pour contribuer modestement, mais concr\u00e8tement \u00e0 am\u00e9liorer le bien-\u00eatre des populations, prot\u00e9ger la plan\u00e8te et \u0153uvrer pour une paix durable \u00e0 travers la mise en \u0153uvre des ODD.<br><br><br><\/p><\/div><\/div>\n\n\n\n<div class=\"wp-block-uagb-info-box uagb-block-b943252d uagb-infobox__content-wrap  uagb-infobox-icon-above-title uagb-infobox-image-valign-top\"><div class=\"uagb-ifb-content\"><div class=\"uagb-ifb-image-content\"><img decoding=\"async\" src=\"http:\/\/ardd.eu\/wp-content\/uploads\/2023\/02\/bio-sphere-300x98.jpg\" alt=\"\" width=\"\" height=\"0\" loading=\"lazy\"\/><\/div><div class=\"uagb-ifb-title-wrap\"><h3 class=\"uagb-ifb-title\"><strong><a href=\"http:\/\/www.bio-sphere.fr\" target=\"_blank\" rel=\"noreferrer noopener\">Bio-sph\u00e8re<\/a><\/strong><\/h3><\/div><p class=\"uagb-ifb-desc\">Bio-sph\u00e8re &#8211; Une conf\u00e9rence spectacle sur les enjeux du d\u00e9veloppement durable, o\u00f9 le spectateur devient acteur de la soir\u00e9e. Dynamique, ludique et instructif !<br>Le concept : un conf\u00e9rencier, accompagn\u00e9 de films et d&rsquo;images spectaculaires projet\u00e9s sur grand \u00e9cran en haute d\u00e9finition et en interactivit\u00e9 avec le public gr\u00e2ce \u00e0 l\u2019utilisation de bo\u00eetiers de vote \u00e9lectronique.<\/p><\/div><\/div>\n","protected":false},"excerpt":{"rendered":"","protected":false},"author":1,"featured_media":0,"parent":0,"menu_order":0,"comment_status":"closed","ping_status":"closed","template":"","meta":{"zakra_page_container_layout":"customizer","zakra_page_sidebar_layout":"customizer","zakra_remove_content_margin":false,"zakra_sidebar":"customizer","zakra_transparent_header":"customizer","zakra_logo":0,"zakra_main_header_style":"default","zakra_menu_item_color":"","zakra_menu_item_hover_color":"","zakra_menu_item_active_color":"","zakra_menu_active_style":"","zakra_page_header":true,"_uag_custom_page_level_css":"","footnotes":""},"class_list":["post-124","page","type-page","status-publish","hentry"],"uagb_featured_image_src":{"full":false,"thumbnail":false,"medium":false,"medium_large":false,"large":false,"1536x1536":false,"2048x2048":false},"uagb_author_info":{"display_name":"admin8951","author_link":"https:\/\/ardd.eu\/?author=1"},"uagb_comment_info":0,"uagb_excerpt":null,"_links":{"self":[{"href":"https:\/\/ardd.eu\/index.php?rest_route=\/wp\/v2\/pages\/124","targetHints":{"allow":["GET"]}}],"collection":[{"href":"https:\/\/ardd.eu\/index.php?rest_route=\/wp\/v2\/pages"}],"about":[{"href":"https:\/\/ardd.eu\/index.php?rest_route=\/wp\/v2\/types\/page"}],"author":[{"embeddable":true,"href":"https:\/\/ardd.eu\/index.php?rest_route=\/wp\/v2\/users\/1"}],"replies":[{"embeddable":true,"href":"https:\/\/ardd.eu\/index.php?rest_route=%2Fwp%2Fv2%2Fcomments&post=124"}],"version-history":[{"count":8,"href":"https:\/\/ardd.eu\/index.php?rest_route=\/wp\/v2\/pages\/124\/revisions"}],"predecessor-version":[{"id":493,"href":"https:\/\/ardd.eu\/index.php?rest_route=\/wp\/v2\/pages\/124\/revisions\/493"}],"wp:attachment":[{"href":"https:\/\/ardd.eu\/index.php?rest_route=%2Fwp%2Fv2%2Fmedia&parent=124"}],"curies":[{"name":"wp","href":"https:\/\/api.w.org\/{rel}","templated":true}]}}