{"id":26,"date":"2023-01-11T21:27:07","date_gmt":"2023-01-11T20:27:07","guid":{"rendered":"http:\/\/ardd.eu\/?page_id=26"},"modified":"2023-01-25T20:49:04","modified_gmt":"2023-01-25T19:49:04","slug":"qui-sommes-nous","status":"publish","type":"page","link":"https:\/\/ardd.eu\/?page_id=26","title":{"rendered":"Qui sommes-nous\u00a0?"},"content":{"rendered":"\n<p><\/p>\n\n\n\n<p>Depuis les Trente Glorieuses, notre Monde a connu de profondes mutations en termes d\u2019\u00e9conomie, de rapports sociaux, en termes de rapports soci\u00e9taux mais surtout en termes de changements environnementaux.<\/p>\n\n\n\n<p><\/p>\n\n\n\n<p>L\u2019association des Acteurs R\u00e9gionaux du d\u00e9veloppement Durable (ARDD) est une association 1901 qui a \u00e9t\u00e9 cr\u00e9\u00e9e en 1989 sous le nom \u00ab Demain l\u2019Environnement \u00bb. Tr\u00e8s vite les membres de l\u2019association ont souhait\u00e9 intervenir pour la Soci\u00e9t\u00e9 en relais des politiques internationales, europ\u00e9ennes, nationales et locales.<\/p>\n\n\n\n<p><\/p>\n\n\n\n<p>Cela s\u2019est traduit par plusieurs actions de formation, de soutien aux projets de d\u00e9veloppement, de d\u00e9bats ou de brochures \u00e0 destination des acteurs de la soci\u00e9t\u00e9 (\u00e9lus, entreprises, milieux scolaires et universitaires, acteurs sociaux, associations, citoyens).<\/p>\n\n\n\n<p><\/p>\n\n\n\n<p>D\u00e9veloppement Durable, pr\u00e9servation de l\u2019environnement, efficacit\u00e9 \u00e9conomique, d\u00e9veloppement de la d\u00e9mocratie et de la solidarit\u00e9, progr\u00e8s social, innovation technologique, autant de regards qui conduisent les adh\u00e9rents \u00e0 s\u2019engager aujourd\u2019hui dans la lutte contre les changements climatiques, dans la protection de la biodiversit\u00e9 ou pour la pr\u00e9servation de la qualit\u00e9 de l\u2019eau et de l\u2019air.<\/p>\n\n\n\n<p><\/p>\n\n\n\n<p>ARDD s\u2019appuie sur les principes issus des engagements du Sommet de Rio en 1992 au travers du Rapport Brundtland Solidarit\u00e9 et Humanisme \u2013Participation et D\u00e9mocratie &#8211; Analyse globale et Transversalit\u00e9 &#8211; Subsidiarit\u00e9 &#8211; Pr\u00e9caution et Pr\u00e9vention &#8211; Responsabilit\u00e9 et Citoyennet\u00e9.<\/p>\n\n\n\n<p><\/p>\n\n\n\n<p>Aujourd\u2019hui, l\u2019association est membre du Comit\u00e9 21 et est pleinement engag\u00e9e dans la contribution \u00e0 l&rsquo;Agenda 2030 au travers des 17 Objectifs de D\u00e9veloppement Durable.<\/p>\n\n\n\n<p>ARDD est une association reconnue d\u2019int\u00e9r\u00eat g\u00e9n\u00e9ral depuis le 26 juillet 2022.<\/p>\n","protected":false},"excerpt":{"rendered":"<p>Depuis les Trente Glorieuses, notre Monde a connu de profondes mutations en termes d\u2019\u00e9conomie, de rapports sociaux, en termes de rapports soci\u00e9taux mais surtout en termes de changements environnementaux. L\u2019association [&hellip;]<\/p>\n","protected":false},"author":1,"featured_media":0,"parent":0,"menu_order":1,"comment_status":"closed","ping_status":"closed","template":"","meta":{"zakra_page_container_layout":"customizer","zakra_page_sidebar_layout":"customizer","zakra_remove_content_margin":false,"zakra_sidebar":"customizer","zakra_transparent_header":"customizer","zakra_logo":0,"zakra_main_header_style":"default","zakra_menu_item_color":"","zakra_menu_item_hover_color":"","zakra_menu_item_active_color":"","zakra_menu_active_style":"","zakra_page_header":true,"_uag_custom_page_level_css":"","footnotes":""},"class_list":["post-26","page","type-page","status-publish","hentry"],"uagb_featured_image_src":{"full":false,"thumbnail":false,"medium":false,"medium_large":false,"large":false,"1536x1536":false,"2048x2048":false},"uagb_author_info":{"display_name":"admin8951","author_link":"https:\/\/ardd.eu\/?author=1"},"uagb_comment_info":0,"uagb_excerpt":"Depuis les Trente Glorieuses, notre Monde a connu de profondes mutations en termes d\u2019\u00e9conomie, de rapports sociaux, en termes de rapports soci\u00e9taux mais surtout en termes de changements environnementaux. L\u2019association [&hellip;]","_links":{"self":[{"href":"https:\/\/ardd.eu\/index.php?rest_route=\/wp\/v2\/pages\/26","targetHints":{"allow":["GET"]}}],"collection":[{"href":"https:\/\/ardd.eu\/index.php?rest_route=\/wp\/v2\/pages"}],"about":[{"href":"https:\/\/ardd.eu\/index.php?rest_route=\/wp\/v2\/types\/page"}],"author":[{"embeddable":true,"href":"https:\/\/ardd.eu\/index.php?rest_route=\/wp\/v2\/users\/1"}],"replies":[{"embeddable":true,"href":"https:\/\/ardd.eu\/index.php?rest_route=%2Fwp%2Fv2%2Fcomments&post=26"}],"version-history":[{"count":4,"href":"https:\/\/ardd.eu\/index.php?rest_route=\/wp\/v2\/pages\/26\/revisions"}],"predecessor-version":[{"id":329,"href":"https:\/\/ardd.eu\/index.php?rest_route=\/wp\/v2\/pages\/26\/revisions\/329"}],"wp:attachment":[{"href":"https:\/\/ardd.eu\/index.php?rest_route=%2Fwp%2Fv2%2Fmedia&parent=26"}],"curies":[{"name":"wp","href":"https:\/\/api.w.org\/{rel}","templated":true}]}}