{"id":47,"date":"2023-01-11T21:41:48","date_gmt":"2023-01-11T20:41:48","guid":{"rendered":"http:\/\/ardd.eu\/?page_id=47"},"modified":"2023-03-17T18:23:46","modified_gmt":"2023-03-17T17:23:46","slug":"climat","status":"publish","type":"page","link":"https:\/\/ardd.eu\/?page_id=47","title":{"rendered":"Climat"},"content":{"rendered":"\n<ul class=\"wp-block-list\">\n<li><a href=\"http:\/\/ardd.eu\/wp-content\/uploads\/2023\/02\/n\u00b01-95\ufffd.jpg\" target=\"_blank\" rel=\"noreferrer noopener\">n\u00b01 95%<\/a><\/li>\n\n\n\n<li><a href=\"http:\/\/ardd.eu\/wp-content\/uploads\/2023\/02\/n\u00b02-cycle-naturel-du-carbone-Declic-Climat-mars-2018.jpg\" target=\"_blank\" rel=\"noreferrer noopener\">n\u00b02 cycle naturel du carbone D\u00e9clic Climat mars 2018<\/a><\/li>\n\n\n\n<li><a href=\"http:\/\/ardd.eu\/wp-content\/uploads\/2023\/02\/n\u00b03-Le-systeme-climatique-complexe-de-la-Terre.jpg\" target=\"_blank\" rel=\"noreferrer noopener\">n\u00b03 Le syst\u00e8me climatique complexe de la Terre<\/a><\/li>\n\n\n\n<li><a href=\"http:\/\/ardd.eu\/wp-content\/uploads\/2023\/02\/n\u00b04-Le-Climat-quest-ce-que-cest.pdf\" target=\"_blank\" rel=\"noreferrer noopener\">n\u00b04 Le Climat, qu&rsquo;est ce que c&rsquo;est<\/a><\/li>\n\n\n\n<li><a href=\"http:\/\/ardd.eu\/wp-content\/uploads\/2023\/02\/n\u00b05-LEffet-de-Serre-quest-ce-que-cest-bis.pdf\" target=\"_blank\" rel=\"noreferrer noopener\">n\u00b05 L&rsquo;Effet de Serre, qu&rsquo;est ce que c&rsquo;est bis<\/a><\/li>\n\n\n\n<li><a href=\"http:\/\/ardd.eu\/wp-content\/uploads\/2023\/02\/n\u00b06-Rechauffement-planetaire-et-changements-climatiques.pdf\" target=\"_blank\" rel=\"noreferrer noopener\">n\u00b06 R\u00e9chauffement plan\u00e9taire et changements climatiques<\/a><\/li>\n\n\n\n<li><a href=\"http:\/\/ardd.eu\/wp-content\/uploads\/2023\/02\/n\u00b07-Instruments-pour-prevoir-et-projeter-les-changements-du-climat.pdf\" target=\"_blank\" rel=\"noreferrer noopener\">n\u00b07 Instruments pour pr\u00e9voir et projeter les changements du climat<\/a><\/li>\n\n\n\n<li><a href=\"http:\/\/ardd.eu\/wp-content\/uploads\/2023\/02\/n\u00b08-Changements-observes-dans-le-systeme-climatique.pdf\" target=\"_blank\" rel=\"noreferrer noopener\">n\u00b08 Changements observ\u00e9s dans le syst\u00e8me climatique<\/a><\/li>\n\n\n\n<li><a href=\"http:\/\/ardd.eu\/wp-content\/uploads\/2023\/02\/n\u00b09-Evolution-de-la-temperature-a-la-surface-de-la-Terre-.pdf\" target=\"_blank\" rel=\"noreferrer noopener\">n\u00b09 Evolution de la temp\u00e9rature \u00e0 la surface de la Terre<\/a><\/li>\n\n\n\n<li><a href=\"http:\/\/ardd.eu\/wp-content\/uploads\/2023\/02\/n\u00b010-comparaison-des-changements-climatiques-observes-et-simules.pdf\" target=\"_blank\" rel=\"noreferrer noopener\">n\u00b010 comparaison des changements climatiques observ\u00e9s et simul\u00e9s<\/a><\/li>\n\n\n\n<li><a href=\"http:\/\/ardd.eu\/wp-content\/uploads\/2023\/02\/n\u00b011-Impacts-sectoriels-des-changements-climatiques.pdf\" target=\"_blank\" rel=\"noreferrer noopener\">n\u00b011 Impacts sectoriels des changements climatiques<\/a><\/li>\n\n\n\n<li><a href=\"http:\/\/ardd.eu\/wp-content\/uploads\/2023\/02\/n\u00b013-Histoire-de-la-Science-des-changements-climatiques.pdf\" target=\"_blank\" rel=\"noreferrer noopener\">n\u00b013 Histoire de la Science des changements climatiques<\/a><\/li>\n\n\n\n<li><a href=\"http:\/\/ardd.eu\/wp-content\/uploads\/2023\/02\/n\u00b014-Sources-des-donnees-scientifiques.pdf\" target=\"_blank\" rel=\"noreferrer noopener\">n\u00b014 Sources des donn\u00e9es scientifiques<\/a><\/li>\n\n\n\n<li><a href=\"http:\/\/ardd.eu\/wp-content\/uploads\/2023\/02\/n\u00b015-description-des-GES.pdf\" target=\"_blank\" rel=\"noreferrer noopener\">n\u00b015 description des GES<\/a><\/li>\n\n\n\n<li><a href=\"http:\/\/ardd.eu\/wp-content\/uploads\/2023\/02\/n\u00b016-Quantites-de-CO2-relaches-par-an.pdf\" target=\"_blank\" rel=\"noreferrer noopener\">n\u00b016 Quantit\u00e9s de CO2 relach\u00e9s par an<\/a><\/li>\n\n\n\n<li><a href=\"http:\/\/ardd.eu\/wp-content\/uploads\/2023\/02\/N\u00b017-Concentration-de-CH4-dans-latmosphere.pdf\" target=\"_blank\" rel=\"noreferrer noopener\">n\u00b017 Concentration de CH4 dans l&rsquo;atmosph\u00e8re<\/a><\/li>\n\n\n\n<li><a href=\"http:\/\/ardd.eu\/wp-content\/uploads\/2023\/02\/N\u00b018-Concentration-de-N2O-dans-latmosphere.pdf\" target=\"_blank\" rel=\"noreferrer noopener\">n\u00b018 Concentration de N2O dans l&rsquo;atmosph\u00e8re<\/a><\/li>\n\n\n\n<li><a rel=\"noreferrer noopener\" href=\"http:\/\/ardd.eu\/wp-content\/uploads\/2023\/02\/N\u00b019-Les-Gaz-Fluores.pdf\" target=\"_blank\">n\u00b019 Les Gaz Fluor\u00e9s<\/a><\/li>\n\n\n\n<li><a href=\"http:\/\/ardd.eu\/wp-content\/uploads\/2023\/03\/n\u00b020-Faites-le-test-de-votre-empreinte-carbone.pdf\" target=\"_blank\" rel=\"noreferrer noopener\">n\u00b020 Faites le test de votre empreinte carbone<\/a><\/li>\n\n\n\n<li><a href=\"http:\/\/ardd.eu\/wp-content\/uploads\/2023\/03\/N\u00b021-Evolutions-observees-et-consequences-des-changements-climatiques.pdf\" target=\"_blank\" rel=\"noreferrer noopener\">N\u00b021 Evolutions observ\u00e9es et cons\u00e9quences des changements climatiques<\/a><\/li>\n\n\n\n<li><a href=\"http:\/\/ardd.eu\/wp-content\/uploads\/2023\/03\/n\u00b022-lelevation-du-niveau-de-la-mer.mp4\" target=\"_blank\" rel=\"noreferrer noopener\">n\u00b022 l&rsquo;\u00e9l\u00e9vation du niveau de la mer<\/a><\/li>\n\n\n\n<li><a href=\"http:\/\/ardd.eu\/wp-content\/uploads\/2023\/03\/n\u00b023-elevation-du-niveau-des-mers-je-suis-acteur.pdf\" target=\"_blank\" rel=\"noreferrer noopener\">n\u00b023 elevation du niveau des mers je suis acteur<\/a><\/li>\n\n\n\n<li><a href=\"http:\/\/ardd.eu\/wp-content\/uploads\/2023\/03\/N\u00b024-Projection-sur-les-temperatures-extremes.pdf\" target=\"_blank\" rel=\"noreferrer noopener\">N\u00b024 Projection sur les temp\u00e9ratures extr\u00e8mes<\/a><\/li>\n\n\n\n<li><a rel=\"noreferrer noopener\" href=\"http:\/\/ardd.eu\/wp-content\/uploads\/2023\/03\/n\u00b024-video-Projection-sur-les-temperatures-extremes-1.mp4\" target=\"_blank\">n\u00b024 Vid\u00e9o &#8211;<\/a><a href=\"http:\/\/ardd.eu\/wp-content\/uploads\/2023\/03\/n\u00b024-video-Projection-sur-les-temperatures-extremes-1.mp4\" target=\"_blank\" rel=\"noreferrer noopener\"> <\/a><a rel=\"noreferrer noopener\" href=\"http:\/\/ardd.eu\/wp-content\/uploads\/2023\/03\/n\u00b024-video-Projection-sur-les-temperatures-extremes-1.mp4\" target=\"_blank\">Projection sur les temp\u00e9ratures extr\u00eames 1<\/a><\/li>\n\n\n\n<li><a href=\"http:\/\/ardd.eu\/wp-content\/uploads\/2023\/03\/n\u00b025-Augmentation-de-lacidification-des-oceans-.pdf\" target=\"_blank\" rel=\"noreferrer noopener\">n\u00b025 Augmentation de l\u2019acidification des oc\u00e9ans<\/a><\/li>\n\n\n\n<li><a href=\"http:\/\/ardd.eu\/wp-content\/uploads\/2023\/03\/n\u00b027-Atmosphere-Les-trois-dernieres-decennies-les-plus-chaudes-depuis-1850.pdf\" target=\"_blank\" rel=\"noreferrer noopener\">n\u00b027 Atmosph\u00e8re Les trois derni\u00e8res d\u00e9cennies les plus chaudes depuis 1850<\/a><\/li>\n\n\n\n<li><a href=\"http:\/\/ardd.eu\/wp-content\/uploads\/2023\/03\/n\u00b028-Influences-des-changements-climatiques-sur-leau-.pdf\" target=\"_blank\" rel=\"noreferrer noopener\">n\u00b028 Influences des changements climatiques sur l&rsquo;eau<\/a><\/li>\n\n\n\n<li><a href=\"http:\/\/ardd.eu\/wp-content\/uploads\/2023\/03\/n\u00b029-Risques-sur-les-systemes-physiques-Glaciers-neige-glace-pergelisol.pdf\" target=\"_blank\" rel=\"noreferrer noopener\">n\u00b029 Risques sur les syst\u00e8mes physiques Glaciers &#8211; neige &#8211; glace &#8211; perg\u00e9lisol<\/a><\/li>\n\n\n\n<li><a href=\"http:\/\/ardd.eu\/wp-content\/uploads\/2023\/03\/n\u00b031-Risques-sur-les-systemes-biologiques-ecosystemes-marins-2.pdf\" target=\"_blank\" rel=\"noreferrer noopener\">n\u00b031 Risques sur les syst\u00e8mes biologiques \u00e9cosyst\u00e8mes marins (2)<\/a><\/li>\n\n\n\n<li>n<a rel=\"noreferrer noopener\" href=\"http:\/\/ardd.eu\/wp-content\/uploads\/2023\/03\/N\u00b032-risques-pour-leau.pdf\" target=\"_blank\">\u00b032 risques pour l&rsquo;eau<\/a><\/li>\n\n\n\n<li>n<a rel=\"noreferrer noopener\" href=\"http:\/\/ardd.eu\/wp-content\/uploads\/2023\/03\/N\u00b033-Securite-Alimentaire.pdf\" target=\"_blank\">\u00b033 S\u00e9curit\u00e9 Alimentaire<\/a><\/li>\n\n\n\n<li><a href=\"http:\/\/ardd.eu\/wp-content\/uploads\/2023\/03\/N\u00b034-Risques-pour-les-systemes-de-lorganisation-humaine-SANTE.pdf\" target=\"_blank\" rel=\"noreferrer noopener\">n\u00b034 Risques pour les syst\u00e8mes de l&rsquo;organisation humaine &#8211; SANTE<\/a><\/li>\n\n\n\n<li><a href=\"http:\/\/ardd.eu\/wp-content\/uploads\/2023\/03\/N\u00b035-Risques-pour-les-systemes-de-lorganisation-humaines-LES-SYSTEMES-URBAINS.pdf\" target=\"_blank\" rel=\"noreferrer noopener\">n\u00b035 Risques pour les syst\u00e8mes de l&rsquo;organisation humaines LES SYSTEMES URBAINS<\/a><\/li>\n\n\n\n<li><a href=\"http:\/\/ardd.eu\/wp-content\/uploads\/2023\/03\/N\u00b036-Risques-pour-les-systemes-humains-La-Securite-.pdf\" target=\"_blank\" rel=\"noreferrer noopener\">n\u00b036 Risques pour les syst\u00e8mes humains La S\u00e9curit\u00e9<\/a><\/li>\n\n\n\n<li><a href=\"http:\/\/ardd.eu\/wp-content\/uploads\/2023\/03\/N\u00b037-Risques-pour-les-systemes-de-lorganisation-humaine-Moyens-de-subsistance.pdf\" target=\"_blank\" rel=\"noreferrer noopener\">n\u00b037 Risques pour les syst\u00e8mes de l&rsquo;organisation humaine Moyens de subsistance<\/a><\/li>\n\n\n\n<li><a href=\"http:\/\/ardd.eu\/wp-content\/uploads\/2023\/03\/n\u00b038-Risques-pour-les-systemes-de-lorganisation-Humaine-Deplacements-et-conflits.pdf\" target=\"_blank\" rel=\"noreferrer noopener\">n\u00b038 Risques pour les syst\u00e8mes de l&rsquo;organisation Humaine D\u00e9placements et conflits<\/a><\/li>\n\n\n\n<li><a rel=\"noreferrer noopener\" href=\"http:\/\/ardd.eu\/wp-content\/uploads\/2023\/03\/N\u00b040-Description-des-risques-lies-aux-changements-climatiques-28022019.pdf\" target=\"_blank\">n\u00b040 Description des risques li\u00e9s aux changements climatiques 28022019<\/a><\/li>\n<\/ul>\n","protected":false},"excerpt":{"rendered":"","protected":false},"author":1,"featured_media":0,"parent":44,"menu_order":0,"comment_status":"closed","ping_status":"closed","template":"","meta":{"zakra_page_container_layout":"customizer","zakra_page_sidebar_layout":"customizer","zakra_remove_content_margin":false,"zakra_sidebar":"customizer","zakra_transparent_header":"customizer","zakra_logo":0,"zakra_main_header_style":"default","zakra_menu_item_color":"","zakra_menu_item_hover_color":"","zakra_menu_item_active_color":"","zakra_menu_active_style":"","zakra_page_header":true,"_uag_custom_page_level_css":"","footnotes":""},"class_list":["post-47","page","type-page","status-publish","hentry"],"uagb_featured_image_src":{"full":false,"thumbnail":false,"medium":false,"medium_large":false,"large":false,"1536x1536":false,"2048x2048":false},"uagb_author_info":{"display_name":"admin8951","author_link":"https:\/\/ardd.eu\/?author=1"},"uagb_comment_info":0,"uagb_excerpt":null,"_links":{"self":[{"href":"https:\/\/ardd.eu\/index.php?rest_route=\/wp\/v2\/pages\/47","targetHints":{"allow":["GET"]}}],"collection":[{"href":"https:\/\/ardd.eu\/index.php?rest_route=\/wp\/v2\/pages"}],"about":[{"href":"https:\/\/ardd.eu\/index.php?rest_route=\/wp\/v2\/types\/page"}],"author":[{"embeddable":true,"href":"https:\/\/ardd.eu\/index.php?rest_route=\/wp\/v2\/users\/1"}],"replies":[{"embeddable":true,"href":"https:\/\/ardd.eu\/index.php?rest_route=%2Fwp%2Fv2%2Fcomments&post=47"}],"version-history":[{"count":9,"href":"https:\/\/ardd.eu\/index.php?rest_route=\/wp\/v2\/pages\/47\/revisions"}],"predecessor-version":[{"id":563,"href":"https:\/\/ardd.eu\/index.php?rest_route=\/wp\/v2\/pages\/47\/revisions\/563"}],"up":[{"embeddable":true,"href":"https:\/\/ardd.eu\/index.php?rest_route=\/wp\/v2\/pages\/44"}],"wp:attachment":[{"href":"https:\/\/ardd.eu\/index.php?rest_route=%2Fwp%2Fv2%2Fmedia&parent=47"}],"curies":[{"name":"wp","href":"https:\/\/api.w.org\/{rel}","templated":true}]}}